{"id":2523,"date":"2022-11-29T10:45:32","date_gmt":"2022-11-29T08:45:32","guid":{"rendered":"http:\/\/www.chor-einklang.de\/?page_id=2523"},"modified":"2022-11-29T10:45:34","modified_gmt":"2022-11-29T08:45:34","slug":"winser-mitteilungsblatt-17-11-2022","status":"publish","type":"page","link":"https:\/\/www.chor-einklang.de\/mystaging01\/?page_id=2523","title":{"rendered":"Winser Mitteilungsblatt 17. 11. 2022"},"content":{"rendered":"\n<p class=\"has-text-color\" style=\"color:#e71515\"><strong>Christmas and more: Adventskonzert mit Chor Einklang am 4. Dezember 2022<\/strong><\/p>\n\n\n\n<p>Mit einem Weihnachtskonzert der ganz besonderen Art leitet der Winser Chor Einklang unter der musikalischen Leitung von Arnas Vonzodas am Sonntag, den 4. Dezember 2022, die diesj\u00e4hrige Advents- und Weihnachtszeit ein.<\/p>\n\n\n\n<p>Neben zahlreichen klassischen und modernen Weihnachtsliedern pr\u00e4sentieren die \u201eEinkl\u00e4ngler\u201c in der ev. Kirche St. Johannes der T\u00e4ufer in Winsen\/Aller auch moderne Arrangements aus dem Pop-Rock-Bereich, u. a. Coldplay.<br><br>Die S\u00e4ngerinnen und S\u00e4nger vom Chor Einklang k\u00f6nnen es kaum erwarten, ihre Freude am gemeinsamen Singen mit den hoffentlich zahlreichen G\u00e4sten zu teilen, und sp\u00e4testens, wenn der Chor sein Publikum zum Mitsingen einl\u00e4dt, ist vorweihnachtliche Stimmung garantiert.<\/p>\n\n\n\n<p>Alle Musikfreunde und Interessierten sind herzlich eingeladen. Die Veranstaltung beginnt um 17.00 Uhr, der Eintritt ist frei.<\/p>\n\n\n\n<p><strong>Kontakt:<\/strong>&nbsp;&nbsp;&nbsp;&nbsp;&nbsp;&nbsp;&nbsp;&nbsp;<br>Heiner von H\u00f6rsten, Tel. 0 51 43 \/ 59 01, E-Mail: <a href=\"mailto:hvhoersten@t-online.de\">hvhoersten@t-online.de<\/a><br>Arnas Vonzodas, E-Mail: <a href=\"mailto:arnas@musikschule-vonzodas.de%20\">arnas@musikschule-vonzodas.de <\/a>&nbsp;&nbsp;&nbsp;<br><a href=\"https:\/\/www.chor-einklang.de\/mystaging01\">www.chor-einklang.de<\/a><\/p>\n\n\n\n<figure class=\"wp-block-image size-large\"><a href=\"https:\/\/www.chor-einklang.de\/mystaging01\/wp-content\/uploads\/2022\/11\/poster_christmas-22.jpg\"><img decoding=\"async\" loading=\"lazy\" width=\"515\" height=\"1024\" src=\"https:\/\/www.chor-einklang.de\/mystaging01\/wp-content\/uploads\/2022\/11\/poster_christmas-22-515x1024.jpg\" alt=\"\" class=\"wp-image-2478\" srcset=\"https:\/\/www.chor-einklang.de\/mystaging01\/wp-content\/uploads\/2022\/11\/poster_christmas-22-515x1024.jpg 515w, https:\/\/www.chor-einklang.de\/mystaging01\/wp-content\/uploads\/2022\/11\/poster_christmas-22-151x300.jpg 151w, https:\/\/www.chor-einklang.de\/mystaging01\/wp-content\/uploads\/2022\/11\/poster_christmas-22.jpg 600w\" sizes=\"(max-width: 515px) 100vw, 515px\" \/><\/a><\/figure>\n","protected":false},"excerpt":{"rendered":"<p>Christmas and more: Adventskonzert mit Chor Einklang am 4. Dezember 2022 Mit einem Weihnachtskonzert der ganz besonderen Art leitet der Winser Chor Einklang unter der musikalischen Leitung von Arnas Vonzodas am Sonntag, den 4. Dezember 2022, die diesj\u00e4hrige Advents- und &hellip; <a href=\"https:\/\/www.chor-einklang.de\/mystaging01\/?page_id=2523\">Weiterlesen <span class=\"meta-nav\">&rarr;<\/span><\/a><\/p>\n","protected":false},"author":2,"featured_media":0,"parent":2521,"menu_order":10,"comment_status":"closed","ping_status":"closed","template":"","meta":{"jetpack_post_was_ever_published":false},"jetpack_sharing_enabled":true,"jetpack_shortlink":"https:\/\/wp.me\/P3iGNS-EH","_links":{"self":[{"href":"https:\/\/www.chor-einklang.de\/mystaging01\/index.php?rest_route=\/wp\/v2\/pages\/2523"}],"collection":[{"href":"https:\/\/www.chor-einklang.de\/mystaging01\/index.php?rest_route=\/wp\/v2\/pages"}],"about":[{"href":"https:\/\/www.chor-einklang.de\/mystaging01\/index.php?rest_route=\/wp\/v2\/types\/page"}],"author":[{"embeddable":true,"href":"https:\/\/www.chor-einklang.de\/mystaging01\/index.php?rest_route=\/wp\/v2\/users\/2"}],"replies":[{"embeddable":true,"href":"https:\/\/www.chor-einklang.de\/mystaging01\/index.php?rest_route=%2Fwp%2Fv2%2Fcomments&post=2523"}],"version-history":[{"count":3,"href":"https:\/\/www.chor-einklang.de\/mystaging01\/index.php?rest_route=\/wp\/v2\/pages\/2523\/revisions"}],"predecessor-version":[{"id":2526,"href":"https:\/\/www.chor-einklang.de\/mystaging01\/index.php?rest_route=\/wp\/v2\/pages\/2523\/revisions\/2526"}],"up":[{"embeddable":true,"href":"https:\/\/www.chor-einklang.de\/mystaging01\/index.php?rest_route=\/wp\/v2\/pages\/2521"}],"wp:attachment":[{"href":"https:\/\/www.chor-einklang.de\/mystaging01\/index.php?rest_route=%2Fwp%2Fv2%2Fmedia&parent=2523"}],"curies":[{"name":"wp","href":"https:\/\/api.w.org\/{rel}","templated":true}]}}