{"id":2486,"date":"2022-11-24T09:37:29","date_gmt":"2022-11-24T07:37:29","guid":{"rendered":"http:\/\/www.chor-einklang.de\/?page_id=2486"},"modified":"2022-11-24T09:37:29","modified_gmt":"2022-11-24T07:37:29","slug":"cellesche-zeitung-4-juli-2022","status":"publish","type":"page","link":"https:\/\/www.chor-einklang.de\/mystaging01\/?page_id=2486","title":{"rendered":"Cellesche Zeitung 4. Juli 2022"},"content":{"rendered":"<div class=\"content-top-wrapper\">\n<div class=\"container\">\n<div class=\"roof-title\"><span style=\"color: #800000;\">Chor-Konzert<\/span><\/div>\n<header>\n<h1 class=\"node__title title\"><span class=\"field field--name-title field--type-string field--label-hidden\" style=\"color: #800000;\">Rundum gelungenes Programm<\/span><\/h1>\n<\/header>\n<\/div>\n<div class=\"intro-text-wrapper\">Der Chor Einklang hat mit G\u00e4sten das Publikum auf dem Winser Museumshof musikalisch verw\u00f6hnt &#8211; und das trotz einer kurzfristigen Absage.<\/div>\n<\/div>\n<div class=\"content-bottom-wrapper\">\n<div class=\"content-bottom-inner-left desktop-view\">\n<div class=\"normal-meta-summary-wrapper\">\n<ul class=\"author-time-wrapper\">\n<li class=\"author-time\">\n<div class=\"author-profile-wrapper\">\n<div class=\"author-name\">Von Kirsten Pr\u00f6ve-May<\/div>\n<\/div>\n<\/li>\n<\/ul>\n<\/div>\n<\/div>\n<\/div>\n<p>&nbsp;<\/p>\n<div class=\"content-bottom-wrapper\">\n<div class=\"content-bottom-inner-left desktop-view\">\n<div class=\"normal-meta-summary-wrapper\"><\/div>\n<div class=\"anchor-menus\"><\/div>\n<\/div>\n<div class=\"content-bottom-inner-middle\">\n<div class=\"hero-image-wrapper\">\n<div>\n<div class=\"media-image-wrapper\">\n<div class=\"media-image\"><img decoding=\"async\" src=\"https:\/\/www.cz.de\/sites\/default\/files\/2022-07\/doc7lpqnqh84o2i5kj07x6_master_0.jpg\" alt=\"\" data-cmp-info=\"9\" \/><\/div>\n<div class=\"media-image-description-and-copyright-wrapper\">Der Chor Einklang zusammen mit dem Chor \u201eGospel and More\u201c\u00a0aus Wienhausen auf dem Museumshof in Winsen. | Foto: Kirsten Pr\u00f6ve-May<\/div>\n<\/div>\n<\/div>\n<\/div>\n<\/div>\n<\/div>\n<div class=\"node__content node__paragraph__fields clearfix\">\n<div class=\"field field--name-field-paragraphs field--type-entity-reference-revisions field--label-hidden field__items\">\n<div class=\"field__item\">\n<div class=\"paragraph  paragraph--type--text paragraph--view-mode--default\">\n<div class=\"container clearfix\">\n<div class=\"text-content-wrapper\">\n<div class=\"text-wrapper text-formatted \"><span class=\"placemark\">Winsen.<\/span>Endlich wieder: Der Winser Chor Einklang hatte geladen und viele G\u00e4ste kamen. Die zuvor angek\u00fcndigten S\u00e4nger aus Lehrte mussten leider krankheitsbedingt absagen und auch die S\u00e4nger aus Winsen waren stark dezimiert. Doch das tat dem Ganzen keinen Abbruch, zumal kurzfristig der Chor \u201eGospel and More\u201c aus Wienhausen\/Eicklingen einsprang und, ohne je gemeinsam geprobt zu haben, sangen sie unter der Leitung von Arnas Vonzodas, dem Einklang-Chorleiter, St\u00fccke wie \u201eHe is wonderful\u201c oder \u201eI still haven\u2019t found what I\u2019m looking for\u201c von der Gruppe U2 oder \u201eIt\u2019s such a perfect day\u201c.<\/p>\n<h3 class=\"interline\">Ans Meer entf\u00fchrt<\/h3>\n<p>Aber auch der Chor Einklang alleine \u00fcberzeugte mit den verschiedensten Genres: vom Wanderlied zum Mittelalter-Gesang, von Abba bis Coldplay oder auch \u201eder J\u00e4ger l\u00e4ngs der Aller ging, lauf J\u00e4ger, lauf\u201c. Den Abschluss \u00fcbernahm der Shanty-Chor aus Mei\u00dfendorf, eine gro\u00dfe M\u00e4nnergruppe, unterst\u00fctzt von drei weiblichen Akkordeonspielerinnen. Sie entf\u00fchrten \u2013 nat\u00fcrlich \u2013 ans Meer mit \u201eNimm mich mit Kapit\u00e4n\u201c oder \u201eHoch im Norden\u201c oder auch \u201e I\u2019m sailing\u201c von Rod Stewart.<\/p>\n<h3 class=\"interline\">Gelungenes Programm<\/h3>\n<p>Aber: Ohne die Leistungen der erwachsenen S\u00e4nger schm\u00e4lern zu wollen, war der Auftritt der sieben M\u00e4dchen der \u201eKleinen Helden\u201c ganz gro\u00df. Eine eigens f\u00fcr sie von Vonzodas und seiner Frau Jura, auf Initiative von Angela Linders komponierte und arrangierte Liederreihe \u00fcber die schwere Coronazeit. Texte wie \u201esoeben noch zur Schule \u2026 \u00fcberall Gefahr, ist das nicht bizarr, ohne Freunde ganz allein im Haus\u201c oder \u201ehabe Angst zu versagen bei der Flut an Hausaufgaben\u201c. Oder im Lied \u201eLangeweile\u201c: Schon eine lange Weile, bin ich im Raum alleine, ich hab gehofft, das sich die Uhr beeilt. Man konnte alles gedanklich nachvollziehen. Alles in allem ein rundum gelungenes Programm.<\/p>\n<\/div>\n<\/div>\n<\/div>\n<\/div>\n<\/div>\n<\/div>\n<\/div>\n","protected":false},"excerpt":{"rendered":"<p>Chor-Konzert Rundum gelungenes Programm Der Chor Einklang hat mit G\u00e4sten das Publikum auf dem Winser Museumshof musikalisch verw\u00f6hnt &#8211; und das trotz einer kurzfristigen Absage. Von Kirsten Pr\u00f6ve-May &nbsp; Der Chor Einklang zusammen mit dem Chor \u201eGospel and More\u201c\u00a0aus Wienhausen &hellip; <a href=\"https:\/\/www.chor-einklang.de\/mystaging01\/?page_id=2486\">Weiterlesen <span class=\"meta-nav\">&rarr;<\/span><\/a><\/p>\n","protected":false},"author":2,"featured_media":0,"parent":25,"menu_order":-6,"comment_status":"closed","ping_status":"closed","template":"","meta":{"jetpack_post_was_ever_published":false},"jetpack_sharing_enabled":true,"jetpack_shortlink":"https:\/\/wp.me\/P3iGNS-E6","_links":{"self":[{"href":"https:\/\/www.chor-einklang.de\/mystaging01\/index.php?rest_route=\/wp\/v2\/pages\/2486"}],"collection":[{"href":"https:\/\/www.chor-einklang.de\/mystaging01\/index.php?rest_route=\/wp\/v2\/pages"}],"about":[{"href":"https:\/\/www.chor-einklang.de\/mystaging01\/index.php?rest_route=\/wp\/v2\/types\/page"}],"author":[{"embeddable":true,"href":"https:\/\/www.chor-einklang.de\/mystaging01\/index.php?rest_route=\/wp\/v2\/users\/2"}],"replies":[{"embeddable":true,"href":"https:\/\/www.chor-einklang.de\/mystaging01\/index.php?rest_route=%2Fwp%2Fv2%2Fcomments&post=2486"}],"version-history":[{"count":3,"href":"https:\/\/www.chor-einklang.de\/mystaging01\/index.php?rest_route=\/wp\/v2\/pages\/2486\/revisions"}],"predecessor-version":[{"id":2541,"href":"https:\/\/www.chor-einklang.de\/mystaging01\/index.php?rest_route=\/wp\/v2\/pages\/2486\/revisions\/2541"}],"up":[{"embeddable":true,"href":"https:\/\/www.chor-einklang.de\/mystaging01\/index.php?rest_route=\/wp\/v2\/pages\/25"}],"wp:attachment":[{"href":"https:\/\/www.chor-einklang.de\/mystaging01\/index.php?rest_route=%2Fwp%2Fv2%2Fmedia&parent=2486"}],"curies":[{"name":"wp","href":"https:\/\/api.w.org\/{rel}","templated":true}]}}