{"id":2035,"date":"2018-03-11T22:27:46","date_gmt":"2018-03-11T20:27:46","guid":{"rendered":"http:\/\/www.chor-einklang.de\/?page_id=2035"},"modified":"2018-03-11T22:30:08","modified_gmt":"2018-03-11T20:30:08","slug":"winser-mitteilungsblatt-1-februar-2018","status":"publish","type":"page","link":"https:\/\/www.chor-einklang.de\/mystaging01\/?page_id=2035","title":{"rendered":"Winser Mitteilungsblatt 1. Februar 2018"},"content":{"rendered":"<p><span style=\"color: #800000;\"><strong>Chor Einklang: Gelungener Start in das Jubil\u00e4umsjahr 2018<\/strong><\/span><\/p>\n<p>Ein erfolgreiches Chorjahr beginnt mit einer gelungenen Chorfreizeit. Unter diesem Motto trafen sich die rund 50 S\u00e4ngerinnen und S\u00e4nger vom Chor Einklang aus Winsen vom 12. &#8211; 14. Januar 2018 in Hermannsburg, um gemeinsam in ein ganz besonderes Jahr zu starten: 10 Jahre Chor Einklang!<br \/>\nDie diesj\u00e4hrige Chorfreizeit stand daher ganz im Zeichen des Jubil\u00e4umskonzertes, das am 8. April 2018 im \u201eDat Groode Hus\u201c in Winsen stattfindet. So wurden zahlreiche neue St\u00fccke einstudiert, die anl\u00e4sslich des 10. Geburtstages erstmalig pr\u00e4sentiert werden, und am bestehenden Repertoire wurde gefeilt und geschliffen.<br \/>\nChorleiter Arnas Vonzodas sorgte mit einer abwechslungsreichen Programmgestaltung aus Gesang, Stimmbildung und Bewegung sowie der passenden Liedauswahl daf\u00fcr, dass auch zu sp\u00e4terer Stunde die Stimmen klar und die Begeisterung gro\u00df blieben.<br \/>\nDa beim Chor Einklang der Name nicht nur musikalisch Programm ist, gab es neben den Proben\u00a0 auch ausreichend Zeit f\u00fcr anregende Gespr\u00e4che und gem\u00fctliches Beisammensein. So wurde durch die gelungene Freizeit nicht nur der Chorgeist gest\u00e4rkt, sondern auch eine wunderbare Grundlage f\u00fcr die n\u00e4chsten 10 Jahre Einklang geschaffen.<\/p>\n<div id=\"attachment_2036\" style=\"width: 475px\" class=\"wp-caption aligncenter\"><img aria-describedby=\"caption-attachment-2036\" decoding=\"async\" loading=\"lazy\" class=\" wp-image-2036\" src=\"https:\/\/www.chor-einklang.de\/mystaging01\/wp-content\/uploads\/2018\/01\/Hermannsburg1.jpg\" alt=\"Ein gelungener Auftakt f\u00fcr 2018: Einklang-Chorfreizeit in Hermannsburg\" width=\"465\" height=\"266\" \/><p id=\"caption-attachment-2036\" class=\"wp-caption-text\">Ein gelungener Auftakt f\u00fcr 2018: Einklang-Chorfreizeit in Hermannsburg<\/p><\/div>\n<div id=\"attachment_2037\" style=\"width: 488px\" class=\"wp-caption aligncenter\"><img aria-describedby=\"caption-attachment-2037\" decoding=\"async\" loading=\"lazy\" class=\" wp-image-2037\" src=\"https:\/\/www.chor-einklang.de\/mystaging01\/wp-content\/uploads\/2018\/01\/Hermannsburg2.jpg\" alt=\"Gut geprobt ist halb gewonnen: Chor Einklang mit Chorleiter Arnas Vonzodas beim Einstudieren neuer St\u00fccke\" width=\"478\" height=\"331\" \/><p id=\"caption-attachment-2037\" class=\"wp-caption-text\">Gut geprobt ist halb gewonnen: Chor Einklang mit Chorleiter Arnas Vonzodas beim Einstudieren neuer St\u00fccke<\/p><\/div>\n<p><strong><span style=\"font-size: 10.0pt; font-family: 'Arial',sans-serif;\">Kontakt:<\/span><\/strong><span style=\"font-size: 10.0pt; font-family: 'Arial',sans-serif;\"><br \/>\nHeiner von H\u00f6rsten, Tel. 0 51 43 \/ 59 01, E-Mail: <\/span><a href=\"mailto:hvhoersten@t-online.de\"><span style=\"font-size: 10.0pt; font-family: 'Arial',sans-serif;\">hvhoersten@t-online.de<\/span><\/a><span style=\"font-size: 10.0pt; font-family: 'Arial',sans-serif;\"><br \/>\nArnas Vonzodas, E-Mail: <\/span><a href=\"mailto:arnas@musikschule-vonzodas.de\"><span style=\"font-size: 10.0pt; font-family: 'Arial',sans-serif;\">arnas@musikschule-vonzodas.de <\/span><\/a><span style=\"font-size: 10.0pt; font-family: 'Arial',sans-serif;\"><br \/>\n<\/span><a href=\"https:\/\/www.chor-einklang.de\/mystaging01\/\"><span style=\"font-size: 10.0pt; font-family: 'Arial',sans-serif;\">www.chor-einklang.de<\/span><\/a><\/p>\n<p>&nbsp;<\/p>\n","protected":false},"excerpt":{"rendered":"<p>Chor Einklang: Gelungener Start in das Jubil\u00e4umsjahr 2018 Ein erfolgreiches Chorjahr beginnt mit einer gelungenen Chorfreizeit. Unter diesem Motto trafen sich die rund 50 S\u00e4ngerinnen und S\u00e4nger vom Chor Einklang aus Winsen vom 12. &#8211; 14. Januar 2018 in Hermannsburg, &hellip; <a href=\"https:\/\/www.chor-einklang.de\/mystaging01\/?page_id=2035\">Weiterlesen <span class=\"meta-nav\">&rarr;<\/span><\/a><\/p>\n","protected":false},"author":2,"featured_media":0,"parent":2032,"menu_order":0,"comment_status":"closed","ping_status":"closed","template":"","meta":{"jetpack_post_was_ever_published":false},"jetpack_sharing_enabled":true,"jetpack_shortlink":"https:\/\/wp.me\/P3iGNS-wP","_links":{"self":[{"href":"https:\/\/www.chor-einklang.de\/mystaging01\/index.php?rest_route=\/wp\/v2\/pages\/2035"}],"collection":[{"href":"https:\/\/www.chor-einklang.de\/mystaging01\/index.php?rest_route=\/wp\/v2\/pages"}],"about":[{"href":"https:\/\/www.chor-einklang.de\/mystaging01\/index.php?rest_route=\/wp\/v2\/types\/page"}],"author":[{"embeddable":true,"href":"https:\/\/www.chor-einklang.de\/mystaging01\/index.php?rest_route=\/wp\/v2\/users\/2"}],"replies":[{"embeddable":true,"href":"https:\/\/www.chor-einklang.de\/mystaging01\/index.php?rest_route=%2Fwp%2Fv2%2Fcomments&post=2035"}],"version-history":[{"count":1,"href":"https:\/\/www.chor-einklang.de\/mystaging01\/index.php?rest_route=\/wp\/v2\/pages\/2035\/revisions"}],"predecessor-version":[{"id":2038,"href":"https:\/\/www.chor-einklang.de\/mystaging01\/index.php?rest_route=\/wp\/v2\/pages\/2035\/revisions\/2038"}],"up":[{"embeddable":true,"href":"https:\/\/www.chor-einklang.de\/mystaging01\/index.php?rest_route=\/wp\/v2\/pages\/2032"}],"wp:attachment":[{"href":"https:\/\/www.chor-einklang.de\/mystaging01\/index.php?rest_route=%2Fwp%2Fv2%2Fmedia&parent=2035"}],"curies":[{"name":"wp","href":"https:\/\/api.w.org\/{rel}","templated":true}]}}