{"id":3500,"date":"2025-03-03T11:39:15","date_gmt":"2025-03-03T09:39:15","guid":{"rendered":"https:\/\/www.chor-einklang.de\/?page_id=3500"},"modified":"2025-03-03T11:57:42","modified_gmt":"2025-03-03T09:57:42","slug":"winser-mitteilungsblatt-06-03-2025","status":"publish","type":"page","link":"https:\/\/www.chor-einklang.de\/?page_id=3500","title":{"rendered":"Winser Mitteilungsblatt 06.03.2025"},"content":{"rendered":"\t\t<div data-elementor-type=\"wp-page\" data-elementor-id=\"3500\" class=\"elementor elementor-3500\">\n\t\t\t\t\t\t<section class=\"elementor-section elementor-top-section elementor-element elementor-element-80eb97e elementor-section-boxed elementor-section-height-default elementor-section-height-default\" data-id=\"80eb97e\" data-element_type=\"section\" data-e-type=\"section\">\n\t\t\t\t\t\t<div class=\"elementor-container elementor-column-gap-default\">\n\t\t\t\t\t<div class=\"elementor-column elementor-col-100 elementor-top-column elementor-element elementor-element-7365642\" data-id=\"7365642\" data-element_type=\"column\" data-e-type=\"column\">\n\t\t\t<div class=\"elementor-widget-wrap elementor-element-populated\">\n\t\t\t\t\t\t<div class=\"elementor-element elementor-element-9671438 elementor-widget elementor-widget-text-editor\" data-id=\"9671438\" data-element_type=\"widget\" data-e-type=\"widget\" data-widget_type=\"text-editor.default\">\n\t\t\t\t<div class=\"elementor-widget-container\">\n\t\t\t\t\t\t\t\t\t<p>\u00a0<\/p><h2><span style=\"color: #a10808;\"><strong>Einsingen um 9:<\/strong><\/span><br \/><span style=\"color: #a10808;\"><strong>Chor Einklang bringt Seevetal zum Klingen<\/strong><\/span><\/h2><p><span style=\"color: #333333;\">Viel Spa\u00df hatten die rund 40 S\u00e4ngerinnen und S\u00e4nger vom Winser Chor Einklang bei ihrer rundum gelungenen Chorfreizeit, die vom 14. bis 16. Februar 2025 im Sunderhof in Seevetal stattfand.<br \/><\/span><span style=\"color: #333333;\">Vor malerischer Kulisse konnten sich die \u201eEinkl\u00e4ngler\u201c unter der musikalischen Leitung von Arnas Vonzodas nach dem morgendlichen \u201eEinsingen um 9\u201c voller Begeisterung ein ganzes Wochenende lang auf das neue Chorjahr vorbereiten und brachten den Sunderhof in Seevetal mit ihren Stimmen zum Klingen.<br \/><\/span><span style=\"color: #333333;\">Hoch hinaus gelangten auch die S\u00e4ngerinnen der Sopran- und Altstimmen, die unter der fachkundigen Anleitung von Sopranistin Jura Vonzodas gezielt ihre Atem- und Gesangstechniken verbessern konnten.<\/span><\/p>\t\t\t\t\t\t\t\t<\/div>\n\t\t\t\t<\/div>\n\t\t\t\t\t<\/div>\n\t\t<\/div>\n\t\t\t\t\t<\/div>\n\t\t<\/section>\n\t\t\t\t<section class=\"elementor-section elementor-top-section elementor-element elementor-element-702b28a elementor-section-boxed elementor-section-height-default elementor-section-height-default\" data-id=\"702b28a\" data-element_type=\"section\" data-e-type=\"section\">\n\t\t\t\t\t\t<div class=\"elementor-container elementor-column-gap-default\">\n\t\t\t\t\t<div class=\"elementor-column elementor-col-50 elementor-top-column elementor-element elementor-element-2280927\" data-id=\"2280927\" data-element_type=\"column\" data-e-type=\"column\">\n\t\t\t<div class=\"elementor-widget-wrap elementor-element-populated\">\n\t\t\t\t\t\t<div class=\"elementor-element elementor-element-1d73c01 elementor-widget elementor-widget-image\" data-id=\"1d73c01\" data-element_type=\"widget\" data-e-type=\"widget\" data-widget_type=\"image.default\">\n\t\t\t\t<div class=\"elementor-widget-container\">\n\t\t\t\t\t\t\t\t\t\t\t\t\t\t\t<img fetchpriority=\"high\" decoding=\"async\" width=\"768\" height=\"576\" src=\"https:\/\/www.chor-einklang.de\/wp-content\/uploads\/2025\/03\/2025-02-Chorwochenende-Seevetal-19-768x576.jpg\" class=\"attachment-medium_large size-medium_large wp-image-3501\" alt=\"\" srcset=\"https:\/\/www.chor-einklang.de\/wp-content\/uploads\/2025\/03\/2025-02-Chorwochenende-Seevetal-19-768x576.jpg 768w, https:\/\/www.chor-einklang.de\/wp-content\/uploads\/2025\/03\/2025-02-Chorwochenende-Seevetal-19-300x225.jpg 300w, https:\/\/www.chor-einklang.de\/wp-content\/uploads\/2025\/03\/2025-02-Chorwochenende-Seevetal-19-1024x768.jpg 1024w, https:\/\/www.chor-einklang.de\/wp-content\/uploads\/2025\/03\/2025-02-Chorwochenende-Seevetal-19-1536x1152.jpg 1536w, https:\/\/www.chor-einklang.de\/wp-content\/uploads\/2025\/03\/2025-02-Chorwochenende-Seevetal-19.jpg 1600w\" sizes=\"(max-width: 768px) 100vw, 768px\" \/>\t\t\t\t\t\t\t\t\t\t\t\t\t\t\t<\/div>\n\t\t\t\t<\/div>\n\t\t\t\t\t<\/div>\n\t\t<\/div>\n\t\t\t\t<div class=\"elementor-column elementor-col-50 elementor-top-column elementor-element elementor-element-376699b\" data-id=\"376699b\" data-element_type=\"column\" data-e-type=\"column\">\n\t\t\t<div class=\"elementor-widget-wrap elementor-element-populated\">\n\t\t\t\t\t\t<div class=\"elementor-element elementor-element-6dc8b74 elementor-widget elementor-widget-image\" data-id=\"6dc8b74\" data-element_type=\"widget\" data-e-type=\"widget\" data-widget_type=\"image.default\">\n\t\t\t\t<div class=\"elementor-widget-container\">\n\t\t\t\t\t\t\t\t\t\t\t\t\t\t\t<img decoding=\"async\" width=\"1024\" height=\"706\" src=\"https:\/\/www.chor-einklang.de\/wp-content\/uploads\/2025\/02\/2025-02-Chorwochenende-Seevetal-29-1024x706.jpg\" class=\"attachment-large size-large wp-image-3489\" alt=\"\" srcset=\"https:\/\/www.chor-einklang.de\/wp-content\/uploads\/2025\/02\/2025-02-Chorwochenende-Seevetal-29-1024x706.jpg 1024w, https:\/\/www.chor-einklang.de\/wp-content\/uploads\/2025\/02\/2025-02-Chorwochenende-Seevetal-29-300x207.jpg 300w, https:\/\/www.chor-einklang.de\/wp-content\/uploads\/2025\/02\/2025-02-Chorwochenende-Seevetal-29-768x530.jpg 768w, https:\/\/www.chor-einklang.de\/wp-content\/uploads\/2025\/02\/2025-02-Chorwochenende-Seevetal-29-1536x1060.jpg 1536w, https:\/\/www.chor-einklang.de\/wp-content\/uploads\/2025\/02\/2025-02-Chorwochenende-Seevetal-29.jpg 1599w\" sizes=\"(max-width: 1024px) 100vw, 1024px\" \/>\t\t\t\t\t\t\t\t\t\t\t\t\t\t\t<\/div>\n\t\t\t\t<\/div>\n\t\t\t\t\t<\/div>\n\t\t<\/div>\n\t\t\t\t\t<\/div>\n\t\t<\/section>\n\t\t\t\t<section class=\"elementor-section elementor-top-section elementor-element elementor-element-9939fd2 elementor-section-boxed elementor-section-height-default elementor-section-height-default\" data-id=\"9939fd2\" data-element_type=\"section\" data-e-type=\"section\">\n\t\t\t\t\t\t<div class=\"elementor-container elementor-column-gap-default\">\n\t\t\t\t\t<div class=\"elementor-column elementor-col-100 elementor-top-column elementor-element elementor-element-d92960e\" data-id=\"d92960e\" data-element_type=\"column\" data-e-type=\"column\">\n\t\t\t<div class=\"elementor-widget-wrap elementor-element-populated\">\n\t\t\t\t\t\t<div class=\"elementor-element elementor-element-ff7b1d3 elementor-widget elementor-widget-text-editor\" data-id=\"ff7b1d3\" data-element_type=\"widget\" data-e-type=\"widget\" data-widget_type=\"text-editor.default\">\n\t\t\t\t<div class=\"elementor-widget-container\">\n\t\t\t\t\t\t\t\t\t<p><span style=\"color: #333333;\">F\u00fcr den Chor Einklang hei\u00dft es nun: nach der Chorfreizeit ist direkt vor dem Chorfestival! Denn mit der Teilnahme am diesj\u00e4hrigen Festival \u201eCantate Amsterdam\u201c vom 7. bis 9. M\u00e4rz 2025 in der niederl\u00e4ndischen Hauptstadt wartet bereits das n\u00e4chste besondere Highlight auf die S\u00e4ngerinnen und S\u00e4nger.<\/span><\/p><p><span style=\"color: #333333;\">Wer Lust hat, die \u201eEinkl\u00e4ngler\u201c live zu erleben, ist herzlich eingeladen: am 15. Juni findet im Museumshof Winsen ein Einklang-Open Air mit Gastch\u00f6ren statt. Und auch beim Jubil\u00e4umsfestival \u201e1000 Jahre Nienburg\/Weser\u201c am 23. August 2025 ist der Chor Einklang zu h\u00f6ren!<\/span><\/p><p><span style=\"color: #333333;\">Lust zum Mitsingen?<\/span><\/p><p><span style=\"color: #333333;\"><strong>Kontakt:<\/strong>\u00a0\u00a0\u00a0\u00a0\u00a0\u00a0\u00a0 <\/span><br \/><span style=\"color: #333333;\">Heiner von H\u00f6rsten, Tel. 0 51 43 \/ 59 01, E-Mail: <a style=\"color: #333333;\" href=\"mailto:hvhoersten@t-online.de\">hvhoersten@t-online.de<\/a> <\/span><br \/><span style=\"color: #333333;\">Arnas Vonzodas, E-Mail: <a style=\"color: #333333;\" href=\"mailto:arnas@musikschule-vonzodas.de%20\">arnas@musikschule-vonzodas.de <\/a>\u00a0\u00a0\u00a0<\/span><br \/><span style=\"color: #333333;\"><a style=\"color: #333333;\" href=\"https:\/\/www.chor-einklang.de\">www.chor-einklang.de<\/a><\/span><\/p><p><span style=\"color: #333333;\">Text: Barbara Niemann<\/span><\/p>\t\t\t\t\t\t\t\t<\/div>\n\t\t\t\t<\/div>\n\t\t\t\t\t<\/div>\n\t\t<\/div>\n\t\t\t\t\t<\/div>\n\t\t<\/section>\n\t\t\t\t<\/div>\n\t\t","protected":false},"excerpt":{"rendered":"<p>\u00a0 Einsingen um 9:Chor Einklang bringt Seevetal zum Klingen Viel Spa\u00df hatten die rund 40 S\u00e4ngerinnen und S\u00e4nger vom Winser Chor Einklang bei ihrer rundum gelungenen Chorfreizeit, die vom 14. bis 16. Februar 2025 im Sunderhof in Seevetal stattfand.Vor malerischer Kulisse konnten sich die \u201eEinkl\u00e4ngler\u201c unter der musikalischen Leitung von Arnas Vonzodas nach dem morgendlichen&#8230;<\/p>\n","protected":false},"author":2,"featured_media":0,"parent":0,"menu_order":0,"comment_status":"closed","ping_status":"closed","template":"","meta":{"_kad_post_transparent":"","_kad_post_title":"hide","_kad_post_layout":"fullwidth","_kad_post_sidebar_id":"","_kad_post_content_style":"unboxed","_kad_post_vertical_padding":"hide","_kad_post_feature":"hide","_kad_post_feature_position":"","_kad_post_header":false,"_kad_post_footer":false,"_kad_post_classname":"","jetpack_post_was_ever_published":false,"footnotes":""},"class_list":["post-3500","page","type-page","status-publish","hentry"],"jetpack_sharing_enabled":true,"jetpack_shortlink":"https:\/\/wp.me\/P3iGNS-Us","_links":{"self":[{"href":"https:\/\/www.chor-einklang.de\/index.php?rest_route=\/wp\/v2\/pages\/3500","targetHints":{"allow":["GET"]}}],"collection":[{"href":"https:\/\/www.chor-einklang.de\/index.php?rest_route=\/wp\/v2\/pages"}],"about":[{"href":"https:\/\/www.chor-einklang.de\/index.php?rest_route=\/wp\/v2\/types\/page"}],"author":[{"embeddable":true,"href":"https:\/\/www.chor-einklang.de\/index.php?rest_route=\/wp\/v2\/users\/2"}],"replies":[{"embeddable":true,"href":"https:\/\/www.chor-einklang.de\/index.php?rest_route=%2Fwp%2Fv2%2Fcomments&post=3500"}],"version-history":[{"count":3,"href":"https:\/\/www.chor-einklang.de\/index.php?rest_route=\/wp\/v2\/pages\/3500\/revisions"}],"predecessor-version":[{"id":3504,"href":"https:\/\/www.chor-einklang.de\/index.php?rest_route=\/wp\/v2\/pages\/3500\/revisions\/3504"}],"wp:attachment":[{"href":"https:\/\/www.chor-einklang.de\/index.php?rest_route=%2Fwp%2Fv2%2Fmedia&parent=3500"}],"curies":[{"name":"wp","href":"https:\/\/api.w.org\/{rel}","templated":true}]}}