{"id":2789,"date":"2022-12-29T18:41:12","date_gmt":"2022-12-29T16:41:12","guid":{"rendered":"https:\/\/www.chor-einklang.de\/?page_id=2789"},"modified":"2024-08-30T12:06:38","modified_gmt":"2024-08-30T10:06:38","slug":"presse-2","status":"publish","type":"page","link":"https:\/\/www.chor-einklang.de\/?page_id=2789","title":{"rendered":"Presse"},"content":{"rendered":"\t\t<div data-elementor-type=\"wp-page\" data-elementor-id=\"2789\" class=\"elementor elementor-2789\">\n\t\t\t\t\t\t<section class=\"elementor-section elementor-top-section elementor-element elementor-element-367efa4 elementor-section-boxed elementor-section-height-default elementor-section-height-default\" data-id=\"367efa4\" data-element_type=\"section\" data-e-type=\"section\">\n\t\t\t\t\t\t<div class=\"elementor-container elementor-column-gap-default\">\n\t\t\t\t\t<div class=\"elementor-column elementor-col-100 elementor-top-column elementor-element elementor-element-14a63e2\" data-id=\"14a63e2\" data-element_type=\"column\" data-e-type=\"column\">\n\t\t\t<div class=\"elementor-widget-wrap elementor-element-populated\">\n\t\t\t\t\t\t<div class=\"elementor-element elementor-element-37a8dd7 elementor-widget elementor-widget-heading\" data-id=\"37a8dd7\" data-element_type=\"widget\" data-e-type=\"widget\" data-widget_type=\"heading.default\">\n\t\t\t\t<div class=\"elementor-widget-container\">\n\t\t\t\t\t<h2 class=\"elementor-heading-title elementor-size-default\">Presse<\/h2>\t\t\t\t<\/div>\n\t\t\t\t<\/div>\n\t\t\t\t\t<\/div>\n\t\t<\/div>\n\t\t\t\t\t<\/div>\n\t\t<\/section>\n\t\t\t\t<section class=\"elementor-section elementor-top-section elementor-element elementor-element-4403414 elementor-section-boxed elementor-section-height-default elementor-section-height-default\" data-id=\"4403414\" data-element_type=\"section\" data-e-type=\"section\">\n\t\t\t\t\t\t<div class=\"elementor-container elementor-column-gap-default\">\n\t\t\t\t\t<div class=\"elementor-column elementor-col-100 elementor-top-column elementor-element elementor-element-cbcef7b\" data-id=\"cbcef7b\" data-element_type=\"column\" data-e-type=\"column\">\n\t\t\t<div class=\"elementor-widget-wrap elementor-element-populated\">\n\t\t\t\t\t\t<div class=\"elementor-element elementor-element-55d67bb elementor-widget elementor-widget-text-editor\" data-id=\"55d67bb\" data-element_type=\"widget\" data-e-type=\"widget\" data-widget_type=\"text-editor.default\">\n\t\t\t\t<div class=\"elementor-widget-container\">\n\t\t\t\t\t\t\t\t\t<p><span style=\"color: #333333;\"><strong><span style=\"color: #a10808;\">Pressefotos:<br \/><\/span><\/strong><span style=\"color: #a10808;\"><span style=\"color: #333333;\">Die Fotos k\u00f6nnen<\/span><\/span> f\u00fcr Pressezwecke, unter Nennung des\/der\u00a0 Fotograf*in, heruntergeladen werden. <br \/>Hierzu die Vorschau anklicken; anschlie\u00dfend kann das Foto in Originalgr\u00f6\u00dfe heruntergeladen werden.<br \/><\/span><\/p>\t\t\t\t\t\t\t\t<\/div>\n\t\t\t\t<\/div>\n\t\t\t\t\t<\/div>\n\t\t<\/div>\n\t\t\t\t\t<\/div>\n\t\t<\/section>\n\t\t\t\t<section class=\"elementor-section elementor-top-section elementor-element elementor-element-dd8bec3 elementor-section-boxed elementor-section-height-default elementor-section-height-default\" data-id=\"dd8bec3\" data-element_type=\"section\" data-e-type=\"section\">\n\t\t\t\t\t\t<div class=\"elementor-container elementor-column-gap-default\">\n\t\t\t\t\t<div class=\"elementor-column elementor-col-100 elementor-top-column elementor-element elementor-element-706ef42\" data-id=\"706ef42\" data-element_type=\"column\" data-e-type=\"column\">\n\t\t\t<div class=\"elementor-widget-wrap elementor-element-populated\">\n\t\t\t\t\t\t<div class=\"elementor-element elementor-element-641560d elementor-widget elementor-widget-image\" data-id=\"641560d\" data-element_type=\"widget\" data-e-type=\"widget\" data-widget_type=\"image.default\">\n\t\t\t\t<div class=\"elementor-widget-container\">\n\t\t\t\t\t\t\t\t\t\t\t\t\t\t\t\t<a href=\"https:\/\/www.chor-einklang.de\/wp-content\/uploads\/2024\/08\/Presse-3-scaled.jpg\" data-elementor-open-lightbox=\"yes\" data-elementor-lightbox-title=\"Presse 3\" data-e-action-hash=\"#elementor-action%3Aaction%3Dlightbox%26settings%3DeyJpZCI6MzMyNSwidXJsIjoiaHR0cHM6XC9cL3d3dy5jaG9yLWVpbmtsYW5nLmRlXC93cC1jb250ZW50XC91cGxvYWRzXC8yMDI0XC8wOFwvUHJlc3NlLTMtc2NhbGVkLmpwZyJ9\">\n\t\t\t\t\t\t\t<img fetchpriority=\"high\" decoding=\"async\" width=\"1536\" height=\"343\" src=\"https:\/\/www.chor-einklang.de\/wp-content\/uploads\/2024\/08\/Presse-3-1536x343.jpg\" class=\"attachment-1536x1536 size-1536x1536 wp-image-3325\" alt=\"\" srcset=\"https:\/\/www.chor-einklang.de\/wp-content\/uploads\/2024\/08\/Presse-3-1536x343.jpg 1536w, https:\/\/www.chor-einklang.de\/wp-content\/uploads\/2024\/08\/Presse-3-300x67.jpg 300w, https:\/\/www.chor-einklang.de\/wp-content\/uploads\/2024\/08\/Presse-3-1024x228.jpg 1024w, https:\/\/www.chor-einklang.de\/wp-content\/uploads\/2024\/08\/Presse-3-768x171.jpg 768w, https:\/\/www.chor-einklang.de\/wp-content\/uploads\/2024\/08\/Presse-3-2048x457.jpg 2048w\" sizes=\"(max-width: 1536px) 100vw, 1536px\" \/>\t\t\t\t\t\t\t\t<\/a>\n\t\t\t\t\t\t\t\t\t\t\t\t\t\t\t<\/div>\n\t\t\t\t<\/div>\n\t\t\t\t\t<\/div>\n\t\t<\/div>\n\t\t\t\t\t<\/div>\n\t\t<\/section>\n\t\t\t\t<section class=\"elementor-section elementor-top-section elementor-element elementor-element-81f1ce2 elementor-section-boxed elementor-section-height-default elementor-section-height-default\" data-id=\"81f1ce2\" data-element_type=\"section\" data-e-type=\"section\">\n\t\t\t\t\t\t<div class=\"elementor-container elementor-column-gap-default\">\n\t\t\t\t\t<div class=\"elementor-column elementor-col-50 elementor-top-column elementor-element elementor-element-7321fdb\" data-id=\"7321fdb\" data-element_type=\"column\" data-e-type=\"column\">\n\t\t\t<div class=\"elementor-widget-wrap elementor-element-populated\">\n\t\t\t\t\t\t<div class=\"elementor-element elementor-element-83b7c06 elementor-widget elementor-widget-image\" data-id=\"83b7c06\" data-element_type=\"widget\" data-e-type=\"widget\" data-widget_type=\"image.default\">\n\t\t\t\t<div class=\"elementor-widget-container\">\n\t\t\t\t\t\t\t\t\t\t\t\t\t\t\t\t<a href=\"https:\/\/www.chor-einklang.de\/wp-content\/uploads\/2024\/08\/Presse-1-scaled.jpg\" data-elementor-open-lightbox=\"yes\" data-elementor-lightbox-title=\"Presse 1\" data-e-action-hash=\"#elementor-action%3Aaction%3Dlightbox%26settings%3DeyJpZCI6MzMyMiwidXJsIjoiaHR0cHM6XC9cL3d3dy5jaG9yLWVpbmtsYW5nLmRlXC93cC1jb250ZW50XC91cGxvYWRzXC8yMDI0XC8wOFwvUHJlc3NlLTEtc2NhbGVkLmpwZyJ9\">\n\t\t\t\t\t\t\t<img decoding=\"async\" width=\"768\" height=\"512\" src=\"https:\/\/www.chor-einklang.de\/wp-content\/uploads\/2024\/08\/Presse-1-768x512.jpg\" class=\"attachment-medium_large size-medium_large wp-image-3322\" alt=\"\" srcset=\"https:\/\/www.chor-einklang.de\/wp-content\/uploads\/2024\/08\/Presse-1-768x512.jpg 768w, https:\/\/www.chor-einklang.de\/wp-content\/uploads\/2024\/08\/Presse-1-300x200.jpg 300w, https:\/\/www.chor-einklang.de\/wp-content\/uploads\/2024\/08\/Presse-1-1024x683.jpg 1024w, https:\/\/www.chor-einklang.de\/wp-content\/uploads\/2024\/08\/Presse-1-1536x1024.jpg 1536w, https:\/\/www.chor-einklang.de\/wp-content\/uploads\/2024\/08\/Presse-1-2048x1365.jpg 2048w\" sizes=\"(max-width: 768px) 100vw, 768px\" \/>\t\t\t\t\t\t\t\t<\/a>\n\t\t\t\t\t\t\t\t\t\t\t\t\t\t\t<\/div>\n\t\t\t\t<\/div>\n\t\t\t\t\t<\/div>\n\t\t<\/div>\n\t\t\t\t<div class=\"elementor-column elementor-col-50 elementor-top-column elementor-element elementor-element-cae5180\" data-id=\"cae5180\" data-element_type=\"column\" data-e-type=\"column\">\n\t\t\t<div class=\"elementor-widget-wrap elementor-element-populated\">\n\t\t\t\t\t\t<div class=\"elementor-element elementor-element-8226324 elementor-widget elementor-widget-image\" data-id=\"8226324\" data-element_type=\"widget\" data-e-type=\"widget\" data-widget_type=\"image.default\">\n\t\t\t\t<div class=\"elementor-widget-container\">\n\t\t\t\t\t\t\t\t\t\t\t\t\t\t\t\t<a href=\"https:\/\/www.chor-einklang.de\/wp-content\/uploads\/2024\/08\/Presse-2-scaled.jpg\" data-elementor-open-lightbox=\"yes\" data-elementor-lightbox-title=\"Presse 2\" data-e-action-hash=\"#elementor-action%3Aaction%3Dlightbox%26settings%3DeyJpZCI6MzMyMywidXJsIjoiaHR0cHM6XC9cL3d3dy5jaG9yLWVpbmtsYW5nLmRlXC93cC1jb250ZW50XC91cGxvYWRzXC8yMDI0XC8wOFwvUHJlc3NlLTItc2NhbGVkLmpwZyJ9\">\n\t\t\t\t\t\t\t<img decoding=\"async\" width=\"768\" height=\"512\" src=\"https:\/\/www.chor-einklang.de\/wp-content\/uploads\/2024\/08\/Presse-2-768x512.jpg\" class=\"attachment-medium_large size-medium_large wp-image-3323\" alt=\"\" srcset=\"https:\/\/www.chor-einklang.de\/wp-content\/uploads\/2024\/08\/Presse-2-768x512.jpg 768w, https:\/\/www.chor-einklang.de\/wp-content\/uploads\/2024\/08\/Presse-2-300x200.jpg 300w, https:\/\/www.chor-einklang.de\/wp-content\/uploads\/2024\/08\/Presse-2-1024x683.jpg 1024w, https:\/\/www.chor-einklang.de\/wp-content\/uploads\/2024\/08\/Presse-2-1536x1024.jpg 1536w, https:\/\/www.chor-einklang.de\/wp-content\/uploads\/2024\/08\/Presse-2-2048x1365.jpg 2048w\" sizes=\"(max-width: 768px) 100vw, 768px\" \/>\t\t\t\t\t\t\t\t<\/a>\n\t\t\t\t\t\t\t\t\t\t\t\t\t\t\t<\/div>\n\t\t\t\t<\/div>\n\t\t\t\t\t<\/div>\n\t\t<\/div>\n\t\t\t\t\t<\/div>\n\t\t<\/section>\n\t\t\t\t<\/div>\n\t\t","protected":false},"excerpt":{"rendered":"<p>Presse Pressefotos:Die Fotos k\u00f6nnen f\u00fcr Pressezwecke, unter Nennung des\/der\u00a0 Fotograf*in, heruntergeladen werden. Hierzu die Vorschau anklicken; anschlie\u00dfend kann das Foto in Originalgr\u00f6\u00dfe heruntergeladen werden.<\/p>\n","protected":false},"author":2,"featured_media":0,"parent":0,"menu_order":0,"comment_status":"closed","ping_status":"closed","template":"","meta":{"_kad_post_transparent":"disable","_kad_post_title":"hide","_kad_post_layout":"fullwidth","_kad_post_sidebar_id":"","_kad_post_content_style":"unboxed","_kad_post_vertical_padding":"hide","_kad_post_feature":"hide","_kad_post_feature_position":"","_kad_post_header":false,"_kad_post_footer":false,"_kad_post_classname":"","jetpack_post_was_ever_published":false,"footnotes":""},"class_list":["post-2789","page","type-page","status-publish","hentry"],"jetpack_sharing_enabled":true,"jetpack_shortlink":"https:\/\/wp.me\/P3iGNS-IZ","_links":{"self":[{"href":"https:\/\/www.chor-einklang.de\/index.php?rest_route=\/wp\/v2\/pages\/2789","targetHints":{"allow":["GET"]}}],"collection":[{"href":"https:\/\/www.chor-einklang.de\/index.php?rest_route=\/wp\/v2\/pages"}],"about":[{"href":"https:\/\/www.chor-einklang.de\/index.php?rest_route=\/wp\/v2\/types\/page"}],"author":[{"embeddable":true,"href":"https:\/\/www.chor-einklang.de\/index.php?rest_route=\/wp\/v2\/users\/2"}],"replies":[{"embeddable":true,"href":"https:\/\/www.chor-einklang.de\/index.php?rest_route=%2Fwp%2Fv2%2Fcomments&post=2789"}],"version-history":[{"count":14,"href":"https:\/\/www.chor-einklang.de\/index.php?rest_route=\/wp\/v2\/pages\/2789\/revisions"}],"predecessor-version":[{"id":3328,"href":"https:\/\/www.chor-einklang.de\/index.php?rest_route=\/wp\/v2\/pages\/2789\/revisions\/3328"}],"wp:attachment":[{"href":"https:\/\/www.chor-einklang.de\/index.php?rest_route=%2Fwp%2Fv2%2Fmedia&parent=2789"}],"curies":[{"name":"wp","href":"https:\/\/api.w.org\/{rel}","templated":true}]}}