{"id":2679,"date":"2022-12-28T16:16:29","date_gmt":"2022-12-28T14:16:29","guid":{"rendered":"https:\/\/www.chor-einklang.de\/?page_id=2679"},"modified":"2026-04-26T09:55:36","modified_gmt":"2026-04-26T07:55:36","slug":"x","status":"publish","type":"page","link":"https:\/\/www.chor-einklang.de\/?page_id=2679","title":{"rendered":"Chorleitung"},"content":{"rendered":"\t\t<div data-elementor-type=\"wp-page\" data-elementor-id=\"2679\" class=\"elementor elementor-2679\">\n\t\t\t\t\t\t<section class=\"elementor-section elementor-top-section elementor-element elementor-element-ed7389d elementor-section-boxed elementor-section-height-default elementor-section-height-default\" data-id=\"ed7389d\" data-element_type=\"section\" data-e-type=\"section\">\n\t\t\t\t\t\t<div class=\"elementor-container elementor-column-gap-default\">\n\t\t\t\t\t<div class=\"elementor-column elementor-col-100 elementor-top-column elementor-element elementor-element-7ba5292\" data-id=\"7ba5292\" data-element_type=\"column\" data-e-type=\"column\">\n\t\t\t<div class=\"elementor-widget-wrap elementor-element-populated\">\n\t\t\t\t\t\t\t<\/div>\n\t\t<\/div>\n\t\t\t\t\t<\/div>\n\t\t<\/section>\n\t\t\t\t<section class=\"elementor-section elementor-top-section elementor-element elementor-element-48db268 elementor-section-boxed elementor-section-height-default elementor-section-height-default\" data-id=\"48db268\" data-element_type=\"section\" data-e-type=\"section\">\n\t\t\t\t\t\t<div class=\"elementor-container elementor-column-gap-custom\">\n\t\t\t\t\t<div class=\"elementor-column elementor-col-50 elementor-top-column elementor-element elementor-element-f9539ea\" data-id=\"f9539ea\" data-element_type=\"column\" data-e-type=\"column\">\n\t\t\t<div class=\"elementor-widget-wrap elementor-element-populated\">\n\t\t\t\t\t\t<div class=\"elementor-element elementor-element-49bfc46 elementor-widget__width-initial elementor-widget elementor-widget-image\" data-id=\"49bfc46\" data-element_type=\"widget\" data-e-type=\"widget\" data-widget_type=\"image.default\">\n\t\t\t\t<div class=\"elementor-widget-container\">\n\t\t\t\t\t\t\t\t\t\t\t\t\t\t\t<img fetchpriority=\"high\" decoding=\"async\" width=\"300\" height=\"300\" src=\"https:\/\/www.chor-einklang.de\/wp-content\/uploads\/2026\/04\/2026-04-Arnas-a-300x300.jpg\" class=\"attachment-medium size-medium wp-image-3862\" alt=\"\" srcset=\"https:\/\/www.chor-einklang.de\/wp-content\/uploads\/2026\/04\/2026-04-Arnas-a-300x300.jpg 300w, https:\/\/www.chor-einklang.de\/wp-content\/uploads\/2026\/04\/2026-04-Arnas-a-1024x1022.jpg 1024w, https:\/\/www.chor-einklang.de\/wp-content\/uploads\/2026\/04\/2026-04-Arnas-a-150x150.jpg 150w, https:\/\/www.chor-einklang.de\/wp-content\/uploads\/2026\/04\/2026-04-Arnas-a-768x767.jpg 768w, https:\/\/www.chor-einklang.de\/wp-content\/uploads\/2026\/04\/2026-04-Arnas-a.jpg 1112w\" sizes=\"(max-width: 300px) 100vw, 300px\" \/>\t\t\t\t\t\t\t\t\t\t\t\t\t\t\t<\/div>\n\t\t\t\t<\/div>\n\t\t\t\t\t<\/div>\n\t\t<\/div>\n\t\t\t\t<div class=\"elementor-column elementor-col-50 elementor-top-column elementor-element elementor-element-0d49014\" data-id=\"0d49014\" data-element_type=\"column\" data-e-type=\"column\">\n\t\t\t<div class=\"elementor-widget-wrap elementor-element-populated\">\n\t\t\t\t\t\t<div class=\"elementor-element elementor-element-d990307 elementor-widget__width-initial elementor-widget elementor-widget-text-editor\" data-id=\"d990307\" data-element_type=\"widget\" data-e-type=\"widget\" data-widget_type=\"text-editor.default\">\n\t\t\t\t<div class=\"elementor-widget-container\">\n\t\t\t\t\t\t\t\t\t<h1>\u00a0<\/h1><h1><span style=\"color: #a10808;\">Chorleitung<\/span><\/h1><p><span style=\"color: #333333;\">Arnas Vonzodas ist seit 2014 unser Chorleiter. Er studierte an der Musikhochschule Vilnius Klavier und Dirigieren. Als Dozent leitet er Workshops f\u00fcr Ch\u00f6re und Bands. Zudem arbeitet er als freischaffender Studiomusiker, Arrangeur und Musikp\u00e4dagoge.<\/span><\/p>\t\t\t\t\t\t\t\t<\/div>\n\t\t\t\t<\/div>\n\t\t\t\t\t<\/div>\n\t\t<\/div>\n\t\t\t\t\t<\/div>\n\t\t<\/section>\n\t\t\t\t<\/div>\n\t\t","protected":false},"excerpt":{"rendered":"<p>\u00a0 Chorleitung Arnas Vonzodas ist seit 2014 unser Chorleiter. Er studierte an der Musikhochschule Vilnius Klavier und Dirigieren. Als Dozent leitet er Workshops f\u00fcr Ch\u00f6re und Bands. Zudem arbeitet er als freischaffender Studiomusiker, Arrangeur und Musikp\u00e4dagoge.<\/p>\n","protected":false},"author":2,"featured_media":0,"parent":0,"menu_order":0,"comment_status":"closed","ping_status":"closed","template":"","meta":{"_kad_post_transparent":"","_kad_post_title":"hide","_kad_post_layout":"fullwidth","_kad_post_sidebar_id":"","_kad_post_content_style":"unboxed","_kad_post_vertical_padding":"hide","_kad_post_feature":"hide","_kad_post_feature_position":"","_kad_post_header":false,"_kad_post_footer":false,"_kad_post_classname":"","footnotes":""},"class_list":["post-2679","page","type-page","status-publish","hentry"],"jetpack_sharing_enabled":true,"jetpack_shortlink":"https:\/\/wp.me\/P3iGNS-Hd","_links":{"self":[{"href":"https:\/\/www.chor-einklang.de\/index.php?rest_route=\/wp\/v2\/pages\/2679","targetHints":{"allow":["GET"]}}],"collection":[{"href":"https:\/\/www.chor-einklang.de\/index.php?rest_route=\/wp\/v2\/pages"}],"about":[{"href":"https:\/\/www.chor-einklang.de\/index.php?rest_route=\/wp\/v2\/types\/page"}],"author":[{"embeddable":true,"href":"https:\/\/www.chor-einklang.de\/index.php?rest_route=\/wp\/v2\/users\/2"}],"replies":[{"embeddable":true,"href":"https:\/\/www.chor-einklang.de\/index.php?rest_route=%2Fwp%2Fv2%2Fcomments&post=2679"}],"version-history":[{"count":33,"href":"https:\/\/www.chor-einklang.de\/index.php?rest_route=\/wp\/v2\/pages\/2679\/revisions"}],"predecessor-version":[{"id":3869,"href":"https:\/\/www.chor-einklang.de\/index.php?rest_route=\/wp\/v2\/pages\/2679\/revisions\/3869"}],"wp:attachment":[{"href":"https:\/\/www.chor-einklang.de\/index.php?rest_route=%2Fwp%2Fv2%2Fmedia&parent=2679"}],"curies":[{"name":"wp","href":"https:\/\/api.w.org\/{rel}","templated":true}]}}